{"id":1050,"date":"2022-07-13T07:42:48","date_gmt":"2022-07-13T07:42:48","guid":{"rendered":"https:\/\/hijtek.com\/?page_id=1050"},"modified":"2023-03-25T19:32:20","modified_gmt":"2023-03-25T19:32:20","slug":"turnstile","status":"publish","type":"page","link":"https:\/\/hijtek.com\/en\/turnstile\/","title":{"rendered":"HT 101 T \/ Turnstile"},"content":{"rendered":"\t\t<div data-elementor-type=\"wp-page\" data-elementor-id=\"1050\" class=\"elementor elementor-1050\">\n\t\t\t\t\t\t\t\t\t<section class=\"elementor-section elementor-top-section elementor-element elementor-element-7c981c7 elementor-section-boxed elementor-section-height-default elementor-section-height-default\" data-id=\"7c981c7\" data-element_type=\"section\">\n\t\t\t\t\t\t<div class=\"elementor-container elementor-column-gap-default\">\n\t\t\t\t\t<div class=\"elementor-column elementor-col-33 elementor-top-column elementor-element elementor-element-5ac8940\" data-id=\"5ac8940\" data-element_type=\"column\">\n\t\t\t<div class=\"elementor-widget-wrap elementor-element-populated\">\n\t\t\t\t\t\t\t\t<div class=\"elementor-element elementor-element-f4b8ca6 elementor-widget elementor-widget-accordion\" data-id=\"f4b8ca6\" data-element_type=\"widget\" data-widget_type=\"accordion.default\">\n\t\t\t\t<div class=\"elementor-widget-container\">\n\t\t\t<style>\/*! elementor - v3.12.0 - 29-03-2023 *\/\n.elementor-accordion{text-align:left}.elementor-accordion .elementor-accordion-item{border:1px solid #d5d8dc}.elementor-accordion .elementor-accordion-item+.elementor-accordion-item{border-top:none}.elementor-accordion .elementor-tab-title{margin:0;padding:15px 20px;font-weight:700;line-height:1;cursor:pointer;outline:none}.elementor-accordion .elementor-tab-title .elementor-accordion-icon{display:inline-block;width:1.5em}.elementor-accordion .elementor-tab-title .elementor-accordion-icon svg{width:1em;height:1em}.elementor-accordion .elementor-tab-title .elementor-accordion-icon.elementor-accordion-icon-right{float:right;text-align:right}.elementor-accordion .elementor-tab-title .elementor-accordion-icon.elementor-accordion-icon-left{float:left;text-align:left}.elementor-accordion .elementor-tab-title .elementor-accordion-icon .elementor-accordion-icon-closed{display:block}.elementor-accordion .elementor-tab-title .elementor-accordion-icon .elementor-accordion-icon-opened,.elementor-accordion .elementor-tab-title.elementor-active .elementor-accordion-icon-closed{display:none}.elementor-accordion .elementor-tab-title.elementor-active .elementor-accordion-icon-opened{display:block}.elementor-accordion .elementor-tab-content{display:none;padding:15px 20px;border-top:1px solid #d5d8dc}@media (max-width:767px){.elementor-accordion .elementor-tab-title{padding:12px 15px}.elementor-accordion .elementor-tab-title .elementor-accordion-icon{width:1.2em}.elementor-accordion .elementor-tab-content{padding:7px 15px}}.e-con-inner>.elementor-widget-accordion,.e-con>.elementor-widget-accordion{width:var(--container-widget-width);--flex-grow:var(--container-widget-flex-grow)}<\/style>\t\t<div class=\"elementor-accordion\" role=\"tablist\">\n\t\t\t\t\t\t\t<div class=\"elementor-accordion-item\">\n\t\t\t\t\t<div id=\"elementor-tab-title-2561\" class=\"elementor-tab-title\" data-tab=\"1\" role=\"tab\" aria-controls=\"elementor-tab-content-2561\" aria-expanded=\"false\">\n\t\t\t\t\t\t\t\t\t\t\t\t\t<span class=\"elementor-accordion-icon elementor-accordion-icon-left\" aria-hidden=\"true\">\n\t\t\t\t\t\t\t\t\t\t\t\t\t\t\t<span class=\"elementor-accordion-icon-closed\"><i class=\"fas fa-plus\"><\/i><\/span>\n\t\t\t\t\t\t\t\t<span class=\"elementor-accordion-icon-opened\"><i class=\"fas fa-minus\"><\/i><\/span>\n\t\t\t\t\t\t\t\t\t\t\t\t\t\t<\/span>\n\t\t\t\t\t\t\t\t\t\t\t\t<a class=\"elementor-accordion-title\" href=\"\">PRODUCT CODE<\/a>\n\t\t\t\t\t<\/div>\n\t\t\t\t\t<div id=\"elementor-tab-content-2561\" class=\"elementor-tab-content elementor-clearfix\" data-tab=\"1\" role=\"tabpanel\" aria-labelledby=\"elementor-tab-title-2561\"><p>HT 101 T<\/p><\/div>\n\t\t\t\t<\/div>\n\t\t\t\t\t\t\t<div class=\"elementor-accordion-item\">\n\t\t\t\t\t<div id=\"elementor-tab-title-2562\" class=\"elementor-tab-title\" data-tab=\"2\" role=\"tab\" aria-controls=\"elementor-tab-content-2562\" aria-expanded=\"false\">\n\t\t\t\t\t\t\t\t\t\t\t\t\t<span class=\"elementor-accordion-icon elementor-accordion-icon-left\" aria-hidden=\"true\">\n\t\t\t\t\t\t\t\t\t\t\t\t\t\t\t<span class=\"elementor-accordion-icon-closed\"><i class=\"fas fa-plus\"><\/i><\/span>\n\t\t\t\t\t\t\t\t<span class=\"elementor-accordion-icon-opened\"><i class=\"fas fa-minus\"><\/i><\/span>\n\t\t\t\t\t\t\t\t\t\t\t\t\t\t<\/span>\n\t\t\t\t\t\t\t\t\t\t\t\t<a class=\"elementor-accordion-title\" href=\"\">PRODUCT DESCRIPTION<\/a>\n\t\t\t\t\t<\/div>\n\t\t\t\t\t<div id=\"elementor-tab-content-2562\" class=\"elementor-tab-content elementor-clearfix\" data-tab=\"2\" role=\"tabpanel\" aria-labelledby=\"elementor-tab-title-2562\"><p>Body and stainless equipments 304 quality. single direction or double direction can be used. Electric or mechanical. Exit turnstile.<\/p><\/div>\n\t\t\t\t<\/div>\n\t\t\t\t\t\t\t<div class=\"elementor-accordion-item\">\n\t\t\t\t\t<div id=\"elementor-tab-title-2563\" class=\"elementor-tab-title\" data-tab=\"3\" role=\"tab\" aria-controls=\"elementor-tab-content-2563\" aria-expanded=\"false\">\n\t\t\t\t\t\t\t\t\t\t\t\t\t<span class=\"elementor-accordion-icon elementor-accordion-icon-left\" aria-hidden=\"true\">\n\t\t\t\t\t\t\t\t\t\t\t\t\t\t\t<span class=\"elementor-accordion-icon-closed\"><i class=\"fas fa-plus\"><\/i><\/span>\n\t\t\t\t\t\t\t\t<span class=\"elementor-accordion-icon-opened\"><i class=\"fas fa-minus\"><\/i><\/span>\n\t\t\t\t\t\t\t\t\t\t\t\t\t\t<\/span>\n\t\t\t\t\t\t\t\t\t\t\t\t<a class=\"elementor-accordion-title\" href=\"\">AREAS OF USE<\/a>\n\t\t\t\t\t<\/div>\n\t\t\t\t\t<div id=\"elementor-tab-content-2563\" class=\"elementor-tab-content elementor-clearfix\" data-tab=\"3\" role=\"tabpanel\" aria-labelledby=\"elementor-tab-title-2563\"><p>It is suitable for the use of disinfectant transmitters or hygiene barriers in daily life, food or food-component production facilities. It is recommended to use different models, lengths and quantities according to the size of the area to be used and the number of personnel. Periodic maintenance and general cleaning of hygiene lines should be carried out and appropriate disinfectant should be used. When hygiene passages are used correctly, the hand and foot parts are sterilised.<\/p><\/div>\n\t\t\t\t<\/div>\n\t\t\t\t\t\t\t<div class=\"elementor-accordion-item\">\n\t\t\t\t\t<div id=\"elementor-tab-title-2564\" class=\"elementor-tab-title\" data-tab=\"4\" role=\"tab\" aria-controls=\"elementor-tab-content-2564\" aria-expanded=\"false\">\n\t\t\t\t\t\t\t\t\t\t\t\t\t<span class=\"elementor-accordion-icon elementor-accordion-icon-left\" aria-hidden=\"true\">\n\t\t\t\t\t\t\t\t\t\t\t\t\t\t\t<span class=\"elementor-accordion-icon-closed\"><i class=\"fas fa-plus\"><\/i><\/span>\n\t\t\t\t\t\t\t\t<span class=\"elementor-accordion-icon-opened\"><i class=\"fas fa-minus\"><\/i><\/span>\n\t\t\t\t\t\t\t\t\t\t\t\t\t\t<\/span>\n\t\t\t\t\t\t\t\t\t\t\t\t<a class=\"elementor-accordion-title\" href=\"\">FEATURES<\/a>\n\t\t\t\t\t<\/div>\n\t\t\t\t\t<div id=\"elementor-tab-content-2564\" class=\"elementor-tab-content elementor-clearfix\" data-tab=\"4\" role=\"tabpanel\" aria-labelledby=\"elementor-tab-title-2564\"><p>The sheet used is 304 quality. Body thickness is 1,2 &#8211; 1,5 &#8211; 3 mm. Brush quality and hardness are high resistance to abrasion. All materials used are 1st class.<\/p><\/div>\n\t\t\t\t<\/div>\n\t\t\t\t\t\t\t<div class=\"elementor-accordion-item\">\n\t\t\t\t\t<div id=\"elementor-tab-title-2565\" class=\"elementor-tab-title\" data-tab=\"5\" role=\"tab\" aria-controls=\"elementor-tab-content-2565\" aria-expanded=\"false\">\n\t\t\t\t\t\t\t\t\t\t\t\t\t<span class=\"elementor-accordion-icon elementor-accordion-icon-left\" aria-hidden=\"true\">\n\t\t\t\t\t\t\t\t\t\t\t\t\t\t\t<span class=\"elementor-accordion-icon-closed\"><i class=\"fas fa-plus\"><\/i><\/span>\n\t\t\t\t\t\t\t\t<span class=\"elementor-accordion-icon-opened\"><i class=\"fas fa-minus\"><\/i><\/span>\n\t\t\t\t\t\t\t\t\t\t\t\t\t\t<\/span>\n\t\t\t\t\t\t\t\t\t\t\t\t<a class=\"elementor-accordion-title\" href=\"\">DIMENSIONS<\/a>\n\t\t\t\t\t<\/div>\n\t\t\t\t\t<div id=\"elementor-tab-content-2565\" class=\"elementor-tab-content elementor-clearfix\" data-tab=\"5\" role=\"tabpanel\" aria-labelledby=\"elementor-tab-title-2565\"><p>Width (W): 750 mm<br \/>Length (L): 450 mm<br \/>Length (H): 900 mm<br \/>Voltage (V): 220 volt<\/p><\/div>\n\t\t\t\t<\/div>\n\t\t\t\t\t\t\t\t<\/div>\n\t\t\t\t<\/div>\n\t\t\t\t<\/div>\n\t\t\t\t\t<\/div>\n\t\t<\/div>\n\t\t\t\t<div class=\"elementor-column elementor-col-66 elementor-top-column elementor-element elementor-element-5232f0e\" data-id=\"5232f0e\" data-element_type=\"column\">\n\t\t\t<div class=\"elementor-widget-wrap elementor-element-populated\">\n\t\t\t\t\t\t\t\t<div class=\"elementor-element elementor-element-6e17022 elementor-widget elementor-widget-image\" data-id=\"6e17022\" data-element_type=\"widget\" data-widget_type=\"image.default\">\n\t\t\t\t<div class=\"elementor-widget-container\">\n\t\t\t<style>\/*! elementor - v3.12.0 - 29-03-2023 *\/\n.elementor-widget-image{text-align:center}.elementor-widget-image a{display:inline-block}.elementor-widget-image a img[src$=\".svg\"]{width:48px}.elementor-widget-image img{vertical-align:middle;display:inline-block}<\/style>\t\t\t\t\t\t\t\t\t\t\t\t\t<a href=\"https:\/\/hijtek.com\/wp-content\/uploads\/2022\/12\/HT-101-T.jpg\" target=\"_blank\">\n\t\t\t\t\t\t\t<img decoding=\"async\" width=\"696\" height=\"740\" src=\"https:\/\/hijtek.com\/en\/wp-content\/uploads\/2022\/12\/HT-101-T.jpg\" class=\"attachment-large size-large wp-image-1832\" alt=\"\" loading=\"lazy\" srcset=\"https:\/\/hijtek.com\/en\/wp-content\/uploads\/2022\/12\/HT-101-T.jpg 696w, https:\/\/hijtek.com\/en\/wp-content\/uploads\/2022\/12\/HT-101-T-282x300.jpg 282w\" sizes=\"(max-width: 696px) 100vw, 696px\" \/>\t\t\t\t\t\t\t\t<\/a>\n\t\t\t\t\t\t\t\t\t\t\t\t\t\t\t<\/div>\n\t\t\t\t<\/div>\n\t\t\t\t\t<\/div>\n\t\t<\/div>\n\t\t\t\t\t\t\t<\/div>\n\t\t<\/section>\n\t\t\t\t\t\t\t<\/div>\n\t\t","protected":false},"excerpt":{"rendered":"<p>PRODUCT CODE HT 101 T PRODUCT DESCRIPTION Body and stainless equipments 304 quality. single direction or double direction can be used. Electric or mechanical. Exit turnstile. AREAS OF USE It is suitable for the use of disinfectant transmitters or hygiene barriers in daily life, food or food-component production facilities. It is recommended to use different&hellip;<\/p>\n","protected":false},"author":1,"featured_media":0,"parent":0,"menu_order":0,"comment_status":"closed","ping_status":"closed","template":"","meta":{"_joinchat":[]},"yoast_head":"<!-- This site is optimized with the Yoast SEO plugin v20.4 - https:\/\/yoast.com\/wordpress\/plugins\/seo\/ -->\n<title>HT 101 T \/ Turnstile - Hijtek<\/title>\n<meta name=\"description\" content=\"Hijyen bariyerleri ile daha hijyenik ge\u00e7i\u015fler sa\u011fl\u0131yoruz. hijyen turnikeleri ile kontroll\u00fc ge\u00e7i\u015fler sa\u011fl\u0131yoruz. Firman\u0131za de\u011fer kat\u0131yor.\" \/>\n<meta name=\"robots\" content=\"index, follow, max-snippet:-1, max-image-preview:large, max-video-preview:-1\" \/>\n<link rel=\"canonical\" href=\"https:\/\/hijtek.com\/en\/turnstile\/\" \/>\n<meta property=\"og:locale\" content=\"tr_TR\" \/>\n<meta property=\"og:type\" content=\"article\" \/>\n<meta property=\"og:title\" content=\"HT 101 T \/ Turnstile - Hijtek\" \/>\n<meta property=\"og:description\" content=\"Hijyen bariyerleri ile daha hijyenik ge\u00e7i\u015fler sa\u011fl\u0131yoruz. hijyen turnikeleri ile kontroll\u00fc ge\u00e7i\u015fler sa\u011fl\u0131yoruz. Firman\u0131za de\u011fer kat\u0131yor.\" \/>\n<meta property=\"og:url\" content=\"https:\/\/hijtek.com\/en\/turnstile\/\" \/>\n<meta property=\"og:site_name\" content=\"Hijtek\" \/>\n<meta property=\"article:modified_time\" content=\"2023-03-25T19:32:20+00:00\" \/>\n<meta property=\"og:image\" content=\"https:\/\/hijtek.com\/en\/wp-content\/uploads\/2022\/12\/HT-101-T.jpg\" \/>\n<meta name=\"twitter:card\" content=\"summary_large_image\" \/>\n<meta name=\"twitter:label1\" content=\"Tahmini okuma s\u00fcresi\" \/>\n\t<meta name=\"twitter:data1\" content=\"1 dakika\" \/>\n<script type=\"application\/ld+json\" class=\"yoast-schema-graph\">{\"@context\":\"https:\/\/schema.org\",\"@graph\":[{\"@type\":\"WebPage\",\"@id\":\"https:\/\/hijtek.com\/en\/turnstile\/\",\"url\":\"https:\/\/hijtek.com\/en\/turnstile\/\",\"name\":\"HT 101 T \/ Turnstile - Hijtek\",\"isPartOf\":{\"@id\":\"https:\/\/hijtek.com\/en\/#website\"},\"datePublished\":\"2022-07-13T07:42:48+00:00\",\"dateModified\":\"2023-03-25T19:32:20+00:00\",\"description\":\"Hijyen bariyerleri ile daha hijyenik ge\u00e7i\u015fler sa\u011fl\u0131yoruz. hijyen turnikeleri ile kontroll\u00fc ge\u00e7i\u015fler sa\u011fl\u0131yoruz. Firman\u0131za de\u011fer kat\u0131yor.\",\"breadcrumb\":{\"@id\":\"https:\/\/hijtek.com\/en\/turnstile\/#breadcrumb\"},\"inLanguage\":\"tr\",\"potentialAction\":[{\"@type\":\"ReadAction\",\"target\":[\"https:\/\/hijtek.com\/en\/turnstile\/\"]}]},{\"@type\":\"BreadcrumbList\",\"@id\":\"https:\/\/hijtek.com\/en\/turnstile\/#breadcrumb\",\"itemListElement\":[{\"@type\":\"ListItem\",\"position\":1,\"name\":\"Anasayfa\",\"item\":\"https:\/\/hijtek.com\/en\/\"},{\"@type\":\"ListItem\",\"position\":2,\"name\":\"HT 101 T \/ Turnstile\"}]},{\"@type\":\"WebSite\",\"@id\":\"https:\/\/hijtek.com\/en\/#website\",\"url\":\"https:\/\/hijtek.com\/en\/\",\"name\":\"Hijtek\",\"description\":\"Hygiene and Technical\",\"publisher\":{\"@id\":\"https:\/\/hijtek.com\/en\/#organization\"},\"potentialAction\":[{\"@type\":\"SearchAction\",\"target\":{\"@type\":\"EntryPoint\",\"urlTemplate\":\"https:\/\/hijtek.com\/en\/?s={search_term_string}\"},\"query-input\":\"required name=search_term_string\"}],\"inLanguage\":\"tr\"},{\"@type\":\"Organization\",\"@id\":\"https:\/\/hijtek.com\/en\/#organization\",\"name\":\"Hijtek\",\"url\":\"https:\/\/hijtek.com\/en\/\",\"logo\":{\"@type\":\"ImageObject\",\"inLanguage\":\"tr\",\"@id\":\"https:\/\/hijtek.com\/en\/#\/schema\/logo\/image\/\",\"url\":\"https:\/\/hijtek.com\/en\/wp-content\/uploads\/2023\/03\/cropped-cropped-cropped-SITE-KIMLIGI-ICON-1.png\",\"contentUrl\":\"https:\/\/hijtek.com\/en\/wp-content\/uploads\/2023\/03\/cropped-cropped-cropped-SITE-KIMLIGI-ICON-1.png\",\"width\":35,\"height\":80,\"caption\":\"Hijtek\"},\"image\":{\"@id\":\"https:\/\/hijtek.com\/en\/#\/schema\/logo\/image\/\"}}]}<\/script>\n<!-- \/ Yoast SEO plugin. -->","yoast_head_json":{"title":"HT 101 T \/ Turnstile - Hijtek","description":"Hijyen bariyerleri ile daha hijyenik ge\u00e7i\u015fler sa\u011fl\u0131yoruz. hijyen turnikeleri ile kontroll\u00fc ge\u00e7i\u015fler sa\u011fl\u0131yoruz. Firman\u0131za de\u011fer kat\u0131yor.","robots":{"index":"index","follow":"follow","max-snippet":"max-snippet:-1","max-image-preview":"max-image-preview:large","max-video-preview":"max-video-preview:-1"},"canonical":"https:\/\/hijtek.com\/en\/turnstile\/","og_locale":"tr_TR","og_type":"article","og_title":"HT 101 T \/ Turnstile - Hijtek","og_description":"Hijyen bariyerleri ile daha hijyenik ge\u00e7i\u015fler sa\u011fl\u0131yoruz. hijyen turnikeleri ile kontroll\u00fc ge\u00e7i\u015fler sa\u011fl\u0131yoruz. Firman\u0131za de\u011fer kat\u0131yor.","og_url":"https:\/\/hijtek.com\/en\/turnstile\/","og_site_name":"Hijtek","article_modified_time":"2023-03-25T19:32:20+00:00","og_image":[{"url":"https:\/\/hijtek.com\/en\/wp-content\/uploads\/2022\/12\/HT-101-T.jpg"}],"twitter_card":"summary_large_image","twitter_misc":{"Tahmini okuma s\u00fcresi":"1 dakika"},"schema":{"@context":"https:\/\/schema.org","@graph":[{"@type":"WebPage","@id":"https:\/\/hijtek.com\/en\/turnstile\/","url":"https:\/\/hijtek.com\/en\/turnstile\/","name":"HT 101 T \/ Turnstile - Hijtek","isPartOf":{"@id":"https:\/\/hijtek.com\/en\/#website"},"datePublished":"2022-07-13T07:42:48+00:00","dateModified":"2023-03-25T19:32:20+00:00","description":"Hijyen bariyerleri ile daha hijyenik ge\u00e7i\u015fler sa\u011fl\u0131yoruz. hijyen turnikeleri ile kontroll\u00fc ge\u00e7i\u015fler sa\u011fl\u0131yoruz. Firman\u0131za de\u011fer kat\u0131yor.","breadcrumb":{"@id":"https:\/\/hijtek.com\/en\/turnstile\/#breadcrumb"},"inLanguage":"tr","potentialAction":[{"@type":"ReadAction","target":["https:\/\/hijtek.com\/en\/turnstile\/"]}]},{"@type":"BreadcrumbList","@id":"https:\/\/hijtek.com\/en\/turnstile\/#breadcrumb","itemListElement":[{"@type":"ListItem","position":1,"name":"Anasayfa","item":"https:\/\/hijtek.com\/en\/"},{"@type":"ListItem","position":2,"name":"HT 101 T \/ Turnstile"}]},{"@type":"WebSite","@id":"https:\/\/hijtek.com\/en\/#website","url":"https:\/\/hijtek.com\/en\/","name":"Hijtek","description":"Hygiene and Technical","publisher":{"@id":"https:\/\/hijtek.com\/en\/#organization"},"potentialAction":[{"@type":"SearchAction","target":{"@type":"EntryPoint","urlTemplate":"https:\/\/hijtek.com\/en\/?s={search_term_string}"},"query-input":"required name=search_term_string"}],"inLanguage":"tr"},{"@type":"Organization","@id":"https:\/\/hijtek.com\/en\/#organization","name":"Hijtek","url":"https:\/\/hijtek.com\/en\/","logo":{"@type":"ImageObject","inLanguage":"tr","@id":"https:\/\/hijtek.com\/en\/#\/schema\/logo\/image\/","url":"https:\/\/hijtek.com\/en\/wp-content\/uploads\/2023\/03\/cropped-cropped-cropped-SITE-KIMLIGI-ICON-1.png","contentUrl":"https:\/\/hijtek.com\/en\/wp-content\/uploads\/2023\/03\/cropped-cropped-cropped-SITE-KIMLIGI-ICON-1.png","width":35,"height":80,"caption":"Hijtek"},"image":{"@id":"https:\/\/hijtek.com\/en\/#\/schema\/logo\/image\/"}}]}},"_links":{"self":[{"href":"https:\/\/hijtek.com\/en\/wp-json\/wp\/v2\/pages\/1050"}],"collection":[{"href":"https:\/\/hijtek.com\/en\/wp-json\/wp\/v2\/pages"}],"about":[{"href":"https:\/\/hijtek.com\/en\/wp-json\/wp\/v2\/types\/page"}],"author":[{"embeddable":true,"href":"https:\/\/hijtek.com\/en\/wp-json\/wp\/v2\/users\/1"}],"replies":[{"embeddable":true,"href":"https:\/\/hijtek.com\/en\/wp-json\/wp\/v2\/comments?post=1050"}],"version-history":[{"count":4,"href":"https:\/\/hijtek.com\/en\/wp-json\/wp\/v2\/pages\/1050\/revisions"}],"predecessor-version":[{"id":3977,"href":"https:\/\/hijtek.com\/en\/wp-json\/wp\/v2\/pages\/1050\/revisions\/3977"}],"wp:attachment":[{"href":"https:\/\/hijtek.com\/en\/wp-json\/wp\/v2\/media?parent=1050"}],"curies":[{"name":"wp","href":"https:\/\/api.w.org\/{rel}","templated":true}]}}