{"id":831,"date":"2022-07-11T15:24:16","date_gmt":"2022-07-11T15:24:16","guid":{"rendered":"https:\/\/hijtek.com\/?page_id=831"},"modified":"2023-03-26T10:47:17","modified_gmt":"2023-03-26T10:47:17","slug":"hygiene-barriers","status":"publish","type":"page","link":"https:\/\/hijtek.com\/en\/hygiene-barriers\/","title":{"rendered":"HYGIENE BARRIERS"},"content":{"rendered":"\t\t<div data-elementor-type=\"wp-page\" data-elementor-id=\"831\" class=\"elementor elementor-831\">\n\t\t\t\t\t\t\t\t\t<section class=\"elementor-section elementor-top-section elementor-element elementor-element-834653a elementor-section-boxed elementor-section-height-default elementor-section-height-default\" data-id=\"834653a\" data-element_type=\"section\">\n\t\t\t\t\t\t<div class=\"elementor-container elementor-column-gap-default\">\n\t\t\t\t\t<div class=\"elementor-column elementor-col-50 elementor-top-column elementor-element elementor-element-4a31711\" data-id=\"4a31711\" data-element_type=\"column\">\n\t\t\t<div class=\"elementor-widget-wrap elementor-element-populated\">\n\t\t\t\t\t\t\t\t<div class=\"elementor-element elementor-element-83fd6ac elementor-widget elementor-widget-heading\" data-id=\"83fd6ac\" data-element_type=\"widget\" data-widget_type=\"heading.default\">\n\t\t\t\t<div class=\"elementor-widget-container\">\n\t\t\t<style>\/*! elementor - v3.12.0 - 29-03-2023 *\/\n.elementor-heading-title{padding:0;margin:0;line-height:1}.elementor-widget-heading .elementor-heading-title[class*=elementor-size-]>a{color:inherit;font-size:inherit;line-height:inherit}.elementor-widget-heading .elementor-heading-title.elementor-size-small{font-size:15px}.elementor-widget-heading .elementor-heading-title.elementor-size-medium{font-size:19px}.elementor-widget-heading .elementor-heading-title.elementor-size-large{font-size:29px}.elementor-widget-heading .elementor-heading-title.elementor-size-xl{font-size:39px}.elementor-widget-heading .elementor-heading-title.elementor-size-xxl{font-size:59px}<\/style><div class=\"elementor-heading-title elementor-size-medium\"><a href=\"https:\/\/hijtek.com\/en\/hygiene-barriers\/disinfectant-turnstile\/\" target=\"_blank\">HT 201 DT DM \/ Disinfectant turnstile\n<\/a><\/div>\t\t<\/div>\n\t\t\t\t<\/div>\n\t\t\t\t<div class=\"elementor-element elementor-element-74b8656 elementor-widget elementor-widget-image\" data-id=\"74b8656\" data-element_type=\"widget\" data-widget_type=\"image.default\">\n\t\t\t\t<div class=\"elementor-widget-container\">\n\t\t\t<style>\/*! elementor - v3.12.0 - 29-03-2023 *\/\n.elementor-widget-image{text-align:center}.elementor-widget-image a{display:inline-block}.elementor-widget-image a img[src$=\".svg\"]{width:48px}.elementor-widget-image img{vertical-align:middle;display:inline-block}<\/style>\t\t\t\t\t\t\t\t\t\t\t\t\t<a href=\"https:\/\/hijtek.com\/en\/hygiene-barriers\/disinfectant-turnstile\/\" target=\"_blank\">\n\t\t\t\t\t\t\t<img decoding=\"async\" width=\"819\" height=\"1024\" src=\"https:\/\/hijtek.com\/en\/wp-content\/uploads\/2022\/07\/HT-201-D-DT-819x1024.jpg\" class=\"attachment-large size-large wp-image-949\" alt=\"\" loading=\"lazy\" srcset=\"https:\/\/hijtek.com\/en\/wp-content\/uploads\/2022\/07\/HT-201-D-DT-819x1024.jpg 819w, https:\/\/hijtek.com\/en\/wp-content\/uploads\/2022\/07\/HT-201-D-DT-240x300.jpg 240w, https:\/\/hijtek.com\/en\/wp-content\/uploads\/2022\/07\/HT-201-D-DT-768x960.jpg 768w, https:\/\/hijtek.com\/en\/wp-content\/uploads\/2022\/07\/HT-201-D-DT-1229x1536.jpg 1229w, https:\/\/hijtek.com\/en\/wp-content\/uploads\/2022\/07\/HT-201-D-DT.jpg 1280w\" sizes=\"(max-width: 819px) 100vw, 819px\" \/>\t\t\t\t\t\t\t\t<\/a>\n\t\t\t\t\t\t\t\t\t\t\t\t\t\t\t<\/div>\n\t\t\t\t<\/div>\n\t\t\t\t\t<\/div>\n\t\t<\/div>\n\t\t\t\t<div class=\"elementor-column elementor-col-50 elementor-top-column elementor-element elementor-element-9986f32\" data-id=\"9986f32\" data-element_type=\"column\">\n\t\t\t<div class=\"elementor-widget-wrap elementor-element-populated\">\n\t\t\t\t\t\t\t\t<div class=\"elementor-element elementor-element-25b47f0 elementor-widget elementor-widget-heading\" data-id=\"25b47f0\" data-element_type=\"widget\" data-widget_type=\"heading.default\">\n\t\t\t\t<div class=\"elementor-widget-container\">\n\t\t\t<div class=\"elementor-heading-title elementor-size-medium\"><a href=\"https:\/\/hijtek.com\/en\/hygiene-barriers\/hygiene-turnstile\/\" target=\"_blank\">HT 202 DT YM \/ Hygiene Turnstile\n<\/a><\/div>\t\t<\/div>\n\t\t\t\t<\/div>\n\t\t\t\t<div class=\"elementor-element elementor-element-fe9fae6 elementor-widget elementor-widget-image\" data-id=\"fe9fae6\" data-element_type=\"widget\" data-widget_type=\"image.default\">\n\t\t\t\t<div class=\"elementor-widget-container\">\n\t\t\t\t\t\t\t\t\t\t\t\t\t\t\t\t<a href=\"https:\/\/hijtek.com\/en\/hygiene-barriers\/hygiene-turnstile\/\" target=\"_blank\">\n\t\t\t\t\t\t\t<img decoding=\"async\" width=\"819\" height=\"1024\" src=\"https:\/\/hijtek.com\/en\/wp-content\/uploads\/2022\/07\/HT-202-D-A-819x1024.jpg\" class=\"attachment-large size-large wp-image-958\" alt=\"\" loading=\"lazy\" srcset=\"https:\/\/hijtek.com\/en\/wp-content\/uploads\/2022\/07\/HT-202-D-A-819x1024.jpg 819w, https:\/\/hijtek.com\/en\/wp-content\/uploads\/2022\/07\/HT-202-D-A-240x300.jpg 240w, https:\/\/hijtek.com\/en\/wp-content\/uploads\/2022\/07\/HT-202-D-A-768x960.jpg 768w, https:\/\/hijtek.com\/en\/wp-content\/uploads\/2022\/07\/HT-202-D-A-1229x1536.jpg 1229w, https:\/\/hijtek.com\/en\/wp-content\/uploads\/2022\/07\/HT-202-D-A.jpg 1280w\" sizes=\"(max-width: 819px) 100vw, 819px\" \/>\t\t\t\t\t\t\t\t<\/a>\n\t\t\t\t\t\t\t\t\t\t\t\t\t\t\t<\/div>\n\t\t\t\t<\/div>\n\t\t\t\t\t<\/div>\n\t\t<\/div>\n\t\t\t\t\t\t\t<\/div>\n\t\t<\/section>\n\t\t\t\t<section class=\"elementor-section elementor-top-section elementor-element elementor-element-aff5e76 elementor-section-boxed elementor-section-height-default elementor-section-height-default\" data-id=\"aff5e76\" data-element_type=\"section\">\n\t\t\t\t\t\t<div class=\"elementor-container elementor-column-gap-default\">\n\t\t\t\t\t<div class=\"elementor-column elementor-col-50 elementor-top-column elementor-element elementor-element-6a53e3d\" data-id=\"6a53e3d\" data-element_type=\"column\">\n\t\t\t<div class=\"elementor-widget-wrap elementor-element-populated\">\n\t\t\t\t\t\t\t\t<div class=\"elementor-element elementor-element-0f2bf5b elementor-widget elementor-widget-heading\" data-id=\"0f2bf5b\" data-element_type=\"widget\" data-widget_type=\"heading.default\">\n\t\t\t\t<div class=\"elementor-widget-container\">\n\t\t\t<div class=\"elementor-heading-title elementor-size-medium\"><a href=\"https:\/\/hijtek.com\/en\/hygiene-barriers\/hygiene-barrier\/\" target=\"_blank\">HT 204 P \/ Hygiene Barrier\n<\/a><\/div>\t\t<\/div>\n\t\t\t\t<\/div>\n\t\t\t\t<div class=\"elementor-element elementor-element-e1639f4 elementor-widget elementor-widget-image\" data-id=\"e1639f4\" data-element_type=\"widget\" data-widget_type=\"image.default\">\n\t\t\t\t<div class=\"elementor-widget-container\">\n\t\t\t\t\t\t\t\t\t\t\t\t\t\t\t\t<a href=\"https:\/\/hijtek.com\/en\/hygiene-barriers\/hygiene-barrier\/\" target=\"_blank\">\n\t\t\t\t\t\t\t<img decoding=\"async\" width=\"768\" height=\"1365\" src=\"https:\/\/hijtek.com\/en\/wp-content\/uploads\/2022\/11\/HT-204-P-3-scaled-1-768x1365.jpg\" class=\"attachment-medium_large size-medium_large wp-image-1633\" alt=\"\" loading=\"lazy\" srcset=\"https:\/\/hijtek.com\/en\/wp-content\/uploads\/2022\/11\/HT-204-P-3-scaled-1-768x1365.jpg 768w, https:\/\/hijtek.com\/en\/wp-content\/uploads\/2022\/11\/HT-204-P-3-scaled-1-169x300.jpg 169w, https:\/\/hijtek.com\/en\/wp-content\/uploads\/2022\/11\/HT-204-P-3-scaled-1-576x1024.jpg 576w, https:\/\/hijtek.com\/en\/wp-content\/uploads\/2022\/11\/HT-204-P-3-scaled-1-864x1536.jpg 864w, https:\/\/hijtek.com\/en\/wp-content\/uploads\/2022\/11\/HT-204-P-3-scaled-1-1152x2048.jpg 1152w, https:\/\/hijtek.com\/en\/wp-content\/uploads\/2022\/11\/HT-204-P-3-scaled-1.jpg 1440w\" sizes=\"(max-width: 768px) 100vw, 768px\" \/>\t\t\t\t\t\t\t\t<\/a>\n\t\t\t\t\t\t\t\t\t\t\t\t\t\t\t<\/div>\n\t\t\t\t<\/div>\n\t\t\t\t\t<\/div>\n\t\t<\/div>\n\t\t\t\t<div class=\"elementor-column elementor-col-50 elementor-top-column elementor-element elementor-element-86cf148\" data-id=\"86cf148\" data-element_type=\"column\">\n\t\t\t<div class=\"elementor-widget-wrap elementor-element-populated\">\n\t\t\t\t\t\t\t\t<div class=\"elementor-element elementor-element-dfcd9e1 elementor-widget elementor-widget-heading\" data-id=\"dfcd9e1\" data-element_type=\"widget\" data-widget_type=\"heading.default\">\n\t\t\t\t<div class=\"elementor-widget-container\">\n\t\t\t<div class=\"elementor-heading-title elementor-size-medium\"><a href=\"https:\/\/hijtek.com\/en\/hygiene-barriers\/sanitation-line\/\" target=\"_blank\">HT 206 P EV \/ Sanitation Line\n<\/a><\/div>\t\t<\/div>\n\t\t\t\t<\/div>\n\t\t\t\t<div class=\"elementor-element elementor-element-d165129 elementor-widget elementor-widget-image\" data-id=\"d165129\" data-element_type=\"widget\" data-widget_type=\"image.default\">\n\t\t\t\t<div class=\"elementor-widget-container\">\n\t\t\t\t\t\t\t\t\t\t\t\t\t\t\t\t<a href=\"https:\/\/hijtek.com\/en\/hygiene-barriers\/sanitation-line\/\" target=\"_blank\">\n\t\t\t\t\t\t\t<img decoding=\"async\" width=\"819\" height=\"1024\" src=\"https:\/\/hijtek.com\/en\/wp-content\/uploads\/2022\/07\/HT-206-P-EV-819x1024.jpg\" class=\"attachment-large size-large wp-image-979\" alt=\"\" loading=\"lazy\" srcset=\"https:\/\/hijtek.com\/en\/wp-content\/uploads\/2022\/07\/HT-206-P-EV-819x1024.jpg 819w, https:\/\/hijtek.com\/en\/wp-content\/uploads\/2022\/07\/HT-206-P-EV-240x300.jpg 240w, https:\/\/hijtek.com\/en\/wp-content\/uploads\/2022\/07\/HT-206-P-EV-768x960.jpg 768w, https:\/\/hijtek.com\/en\/wp-content\/uploads\/2022\/07\/HT-206-P-EV-1229x1536.jpg 1229w, https:\/\/hijtek.com\/en\/wp-content\/uploads\/2022\/07\/HT-206-P-EV.jpg 1280w\" sizes=\"(max-width: 819px) 100vw, 819px\" \/>\t\t\t\t\t\t\t\t<\/a>\n\t\t\t\t\t\t\t\t\t\t\t\t\t\t\t<\/div>\n\t\t\t\t<\/div>\n\t\t\t\t\t<\/div>\n\t\t<\/div>\n\t\t\t\t\t\t\t<\/div>\n\t\t<\/section>\n\t\t\t\t<section class=\"elementor-section elementor-top-section elementor-element elementor-element-f18d8cb elementor-section-boxed elementor-section-height-default elementor-section-height-default\" data-id=\"f18d8cb\" data-element_type=\"section\">\n\t\t\t\t\t\t<div class=\"elementor-container elementor-column-gap-default\">\n\t\t\t\t\t<div class=\"elementor-column elementor-col-50 elementor-top-column elementor-element elementor-element-bc8349f\" data-id=\"bc8349f\" data-element_type=\"column\">\n\t\t\t<div class=\"elementor-widget-wrap elementor-element-populated\">\n\t\t\t\t\t\t\t\t<div class=\"elementor-element elementor-element-9ac6d24 elementor-widget elementor-widget-heading\" data-id=\"9ac6d24\" data-element_type=\"widget\" data-widget_type=\"heading.default\">\n\t\t\t\t<div class=\"elementor-widget-container\">\n\t\t\t<div class=\"elementor-heading-title elementor-size-medium\"><a href=\"https:\/\/hijtek.com\/en\/turnstile\/\" target=\"_blank\">HT 101 T \/ Turnstile<\/a><\/div>\t\t<\/div>\n\t\t\t\t<\/div>\n\t\t\t\t<div class=\"elementor-element elementor-element-745f537 elementor-widget elementor-widget-image\" data-id=\"745f537\" data-element_type=\"widget\" data-widget_type=\"image.default\">\n\t\t\t\t<div class=\"elementor-widget-container\">\n\t\t\t\t\t\t\t\t\t\t\t\t\t\t\t\t<a href=\"https:\/\/hijtek.com\/en\/turnstile\/\" target=\"_blank\">\n\t\t\t\t\t\t\t<img decoding=\"async\" width=\"696\" height=\"740\" src=\"https:\/\/hijtek.com\/en\/wp-content\/uploads\/2022\/12\/HT-101-T.jpg\" class=\"attachment-large size-large wp-image-1832\" alt=\"\" loading=\"lazy\" srcset=\"https:\/\/hijtek.com\/en\/wp-content\/uploads\/2022\/12\/HT-101-T.jpg 696w, https:\/\/hijtek.com\/en\/wp-content\/uploads\/2022\/12\/HT-101-T-282x300.jpg 282w\" sizes=\"(max-width: 696px) 100vw, 696px\" \/>\t\t\t\t\t\t\t\t<\/a>\n\t\t\t\t\t\t\t\t\t\t\t\t\t\t\t<\/div>\n\t\t\t\t<\/div>\n\t\t\t\t\t<\/div>\n\t\t<\/div>\n\t\t\t\t<div class=\"elementor-column elementor-col-50 elementor-top-column elementor-element elementor-element-91f7dad\" data-id=\"91f7dad\" data-element_type=\"column\">\n\t\t\t<div class=\"elementor-widget-wrap elementor-element-populated\">\n\t\t\t\t\t\t\t\t<div class=\"elementor-element elementor-element-50b5d7f elementor-widget elementor-widget-heading\" data-id=\"50b5d7f\" data-element_type=\"widget\" data-widget_type=\"heading.default\">\n\t\t\t\t<div class=\"elementor-widget-container\">\n\t\t\t<div class=\"elementor-heading-title elementor-size-medium\"><a href=\"https:\/\/hijtek.com\/en\/access-turnstile-leaf-wing\/\" target=\"_blank\">HT 100 Y \/ Access Turnstile Leaf Wing\n<\/a><\/div>\t\t<\/div>\n\t\t\t\t<\/div>\n\t\t\t\t<div class=\"elementor-element elementor-element-710bbaf elementor-widget elementor-widget-image\" data-id=\"710bbaf\" data-element_type=\"widget\" data-widget_type=\"image.default\">\n\t\t\t\t<div class=\"elementor-widget-container\">\n\t\t\t\t\t\t\t\t\t\t\t\t\t\t\t\t<a href=\"https:\/\/hijtek.com\/en\/access-turnstile-leaf-wing\/\" target=\"_blank\">\n\t\t\t\t\t\t\t<img decoding=\"async\" width=\"564\" height=\"564\" src=\"https:\/\/hijtek.com\/en\/wp-content\/uploads\/2022\/11\/HT-100-Y.webp\" class=\"attachment-medium_large size-medium_large wp-image-1612\" alt=\"\" loading=\"lazy\" srcset=\"https:\/\/hijtek.com\/en\/wp-content\/uploads\/2022\/11\/HT-100-Y.webp 564w, https:\/\/hijtek.com\/en\/wp-content\/uploads\/2022\/11\/HT-100-Y-300x300.webp 300w, https:\/\/hijtek.com\/en\/wp-content\/uploads\/2022\/11\/HT-100-Y-150x150.webp 150w\" sizes=\"(max-width: 564px) 100vw, 564px\" \/>\t\t\t\t\t\t\t\t<\/a>\n\t\t\t\t\t\t\t\t\t\t\t\t\t\t\t<\/div>\n\t\t\t\t<\/div>\n\t\t\t\t\t<\/div>\n\t\t<\/div>\n\t\t\t\t\t\t\t<\/div>\n\t\t<\/section>\n\t\t\t\t<section class=\"elementor-section elementor-top-section elementor-element elementor-element-5558804 elementor-section-boxed elementor-section-height-default elementor-section-height-default\" data-id=\"5558804\" data-element_type=\"section\">\n\t\t\t\t\t\t<div class=\"elementor-container elementor-column-gap-default\">\n\t\t\t\t\t<div class=\"elementor-column elementor-col-100 elementor-top-column elementor-element elementor-element-16d87ea\" data-id=\"16d87ea\" data-element_type=\"column\">\n\t\t\t<div class=\"elementor-widget-wrap elementor-element-populated\">\n\t\t\t\t\t\t\t\t<div class=\"elementor-element elementor-element-a9d472e elementor-widget elementor-widget-heading\" data-id=\"a9d472e\" data-element_type=\"widget\" data-widget_type=\"heading.default\">\n\t\t\t\t<div class=\"elementor-widget-container\">\n\t\t\t<div class=\"elementor-heading-title elementor-size-large\"><a href=\"https:\/\/hijtek.com\/en\/contant\/\" target=\"_blank\">ALTERNATIVE MODELS ARE AVAILABLE, PLEASE CONTACT US FOR YOUR NEEDS.<\/a><\/div>\t\t<\/div>\n\t\t\t\t<\/div>\n\t\t\t\t\t<\/div>\n\t\t<\/div>\n\t\t\t\t\t\t\t<\/div>\n\t\t<\/section>\n\t\t\t\t\t\t\t<\/div>\n\t\t","protected":false},"excerpt":{"rendered":"<p>HT 201 DT DM \/ Disinfectant turnstile HT 202 DT YM \/ Hygiene Turnstile HT 204 P \/ Hygiene Barrier HT 206 P EV \/ Sanitation Line HT 101 T \/ Turnstile HT 100 Y \/ Access Turnstile Leaf Wing ALTERNATIVE MODELS ARE AVAILABLE, PLEASE CONTACT US FOR YOUR NEEDS.<\/p>\n","protected":false},"author":1,"featured_media":0,"parent":0,"menu_order":0,"comment_status":"closed","ping_status":"closed","template":"","meta":{"_joinchat":[]},"yoast_head":"<!-- This site is optimized with the Yoast SEO plugin v20.4 - https:\/\/yoast.com\/wordpress\/plugins\/seo\/ -->\n<title>HYGIENE BARRIERS - Hijtek<\/title>\n<meta name=\"description\" content=\"H\u0130JYEN EK\u0130PMANLARI \u0130LE F\u0130RMANIZA DE\u011eER KATIYORUZ. F\u0130RMANIZIN H\u0130JYEN \u0130HT\u0130YA\u00c7LARINI KAR\u015eILAMAKTAYIZ. H\u0130JYEN EK\u0130PMANLARI H\u0130JTEKTEN ALINIR.\" \/>\n<meta name=\"robots\" content=\"index, follow, max-snippet:-1, max-image-preview:large, max-video-preview:-1\" \/>\n<link rel=\"canonical\" href=\"https:\/\/hijtek.com\/en\/hygiene-barriers\/\" \/>\n<meta property=\"og:locale\" content=\"tr_TR\" \/>\n<meta property=\"og:type\" content=\"article\" \/>\n<meta property=\"og:title\" content=\"HYGIENE BARRIERS - Hijtek\" \/>\n<meta property=\"og:description\" content=\"H\u0130JYEN EK\u0130PMANLARI \u0130LE F\u0130RMANIZA DE\u011eER KATIYORUZ. F\u0130RMANIZIN H\u0130JYEN \u0130HT\u0130YA\u00c7LARINI KAR\u015eILAMAKTAYIZ. H\u0130JYEN EK\u0130PMANLARI H\u0130JTEKTEN ALINIR.\" \/>\n<meta property=\"og:url\" content=\"https:\/\/hijtek.com\/en\/hygiene-barriers\/\" \/>\n<meta property=\"og:site_name\" content=\"Hijtek\" \/>\n<meta property=\"article:modified_time\" content=\"2023-03-26T10:47:17+00:00\" \/>\n<meta property=\"og:image\" content=\"https:\/\/hijtek.com\/en\/wp-content\/uploads\/2022\/07\/HT-201-D-DT-819x1024.jpg\" \/>\n<meta name=\"twitter:card\" content=\"summary_large_image\" \/>\n<meta name=\"twitter:label1\" content=\"Tahmini okuma s\u00fcresi\" \/>\n\t<meta name=\"twitter:data1\" content=\"1 dakika\" \/>\n<script type=\"application\/ld+json\" class=\"yoast-schema-graph\">{\"@context\":\"https:\/\/schema.org\",\"@graph\":[{\"@type\":\"WebPage\",\"@id\":\"https:\/\/hijtek.com\/en\/hygiene-barriers\/\",\"url\":\"https:\/\/hijtek.com\/en\/hygiene-barriers\/\",\"name\":\"HYGIENE BARRIERS - Hijtek\",\"isPartOf\":{\"@id\":\"https:\/\/hijtek.com\/en\/#website\"},\"datePublished\":\"2022-07-11T15:24:16+00:00\",\"dateModified\":\"2023-03-26T10:47:17+00:00\",\"description\":\"H\u0130JYEN EK\u0130PMANLARI \u0130LE F\u0130RMANIZA DE\u011eER KATIYORUZ. F\u0130RMANIZIN H\u0130JYEN \u0130HT\u0130YA\u00c7LARINI KAR\u015eILAMAKTAYIZ. H\u0130JYEN EK\u0130PMANLARI H\u0130JTEKTEN ALINIR.\",\"breadcrumb\":{\"@id\":\"https:\/\/hijtek.com\/en\/hygiene-barriers\/#breadcrumb\"},\"inLanguage\":\"tr\",\"potentialAction\":[{\"@type\":\"ReadAction\",\"target\":[\"https:\/\/hijtek.com\/en\/hygiene-barriers\/\"]}]},{\"@type\":\"BreadcrumbList\",\"@id\":\"https:\/\/hijtek.com\/en\/hygiene-barriers\/#breadcrumb\",\"itemListElement\":[{\"@type\":\"ListItem\",\"position\":1,\"name\":\"Anasayfa\",\"item\":\"https:\/\/hijtek.com\/en\/\"},{\"@type\":\"ListItem\",\"position\":2,\"name\":\"HYGIENE BARRIERS\"}]},{\"@type\":\"WebSite\",\"@id\":\"https:\/\/hijtek.com\/en\/#website\",\"url\":\"https:\/\/hijtek.com\/en\/\",\"name\":\"Hijtek\",\"description\":\"Hygiene and Technical\",\"publisher\":{\"@id\":\"https:\/\/hijtek.com\/en\/#organization\"},\"potentialAction\":[{\"@type\":\"SearchAction\",\"target\":{\"@type\":\"EntryPoint\",\"urlTemplate\":\"https:\/\/hijtek.com\/en\/?s={search_term_string}\"},\"query-input\":\"required name=search_term_string\"}],\"inLanguage\":\"tr\"},{\"@type\":\"Organization\",\"@id\":\"https:\/\/hijtek.com\/en\/#organization\",\"name\":\"Hijtek\",\"url\":\"https:\/\/hijtek.com\/en\/\",\"logo\":{\"@type\":\"ImageObject\",\"inLanguage\":\"tr\",\"@id\":\"https:\/\/hijtek.com\/en\/#\/schema\/logo\/image\/\",\"url\":\"https:\/\/hijtek.com\/en\/wp-content\/uploads\/2023\/03\/cropped-cropped-cropped-SITE-KIMLIGI-ICON-1.png\",\"contentUrl\":\"https:\/\/hijtek.com\/en\/wp-content\/uploads\/2023\/03\/cropped-cropped-cropped-SITE-KIMLIGI-ICON-1.png\",\"width\":35,\"height\":80,\"caption\":\"Hijtek\"},\"image\":{\"@id\":\"https:\/\/hijtek.com\/en\/#\/schema\/logo\/image\/\"}}]}<\/script>\n<!-- \/ Yoast SEO plugin. -->","yoast_head_json":{"title":"HYGIENE BARRIERS - Hijtek","description":"H\u0130JYEN EK\u0130PMANLARI \u0130LE F\u0130RMANIZA DE\u011eER KATIYORUZ. F\u0130RMANIZIN H\u0130JYEN \u0130HT\u0130YA\u00c7LARINI KAR\u015eILAMAKTAYIZ. H\u0130JYEN EK\u0130PMANLARI H\u0130JTEKTEN ALINIR.","robots":{"index":"index","follow":"follow","max-snippet":"max-snippet:-1","max-image-preview":"max-image-preview:large","max-video-preview":"max-video-preview:-1"},"canonical":"https:\/\/hijtek.com\/en\/hygiene-barriers\/","og_locale":"tr_TR","og_type":"article","og_title":"HYGIENE BARRIERS - Hijtek","og_description":"H\u0130JYEN EK\u0130PMANLARI \u0130LE F\u0130RMANIZA DE\u011eER KATIYORUZ. F\u0130RMANIZIN H\u0130JYEN \u0130HT\u0130YA\u00c7LARINI KAR\u015eILAMAKTAYIZ. H\u0130JYEN EK\u0130PMANLARI H\u0130JTEKTEN ALINIR.","og_url":"https:\/\/hijtek.com\/en\/hygiene-barriers\/","og_site_name":"Hijtek","article_modified_time":"2023-03-26T10:47:17+00:00","og_image":[{"url":"https:\/\/hijtek.com\/en\/wp-content\/uploads\/2022\/07\/HT-201-D-DT-819x1024.jpg"}],"twitter_card":"summary_large_image","twitter_misc":{"Tahmini okuma s\u00fcresi":"1 dakika"},"schema":{"@context":"https:\/\/schema.org","@graph":[{"@type":"WebPage","@id":"https:\/\/hijtek.com\/en\/hygiene-barriers\/","url":"https:\/\/hijtek.com\/en\/hygiene-barriers\/","name":"HYGIENE BARRIERS - Hijtek","isPartOf":{"@id":"https:\/\/hijtek.com\/en\/#website"},"datePublished":"2022-07-11T15:24:16+00:00","dateModified":"2023-03-26T10:47:17+00:00","description":"H\u0130JYEN EK\u0130PMANLARI \u0130LE F\u0130RMANIZA DE\u011eER KATIYORUZ. F\u0130RMANIZIN H\u0130JYEN \u0130HT\u0130YA\u00c7LARINI KAR\u015eILAMAKTAYIZ. H\u0130JYEN EK\u0130PMANLARI H\u0130JTEKTEN ALINIR.","breadcrumb":{"@id":"https:\/\/hijtek.com\/en\/hygiene-barriers\/#breadcrumb"},"inLanguage":"tr","potentialAction":[{"@type":"ReadAction","target":["https:\/\/hijtek.com\/en\/hygiene-barriers\/"]}]},{"@type":"BreadcrumbList","@id":"https:\/\/hijtek.com\/en\/hygiene-barriers\/#breadcrumb","itemListElement":[{"@type":"ListItem","position":1,"name":"Anasayfa","item":"https:\/\/hijtek.com\/en\/"},{"@type":"ListItem","position":2,"name":"HYGIENE BARRIERS"}]},{"@type":"WebSite","@id":"https:\/\/hijtek.com\/en\/#website","url":"https:\/\/hijtek.com\/en\/","name":"Hijtek","description":"Hygiene and Technical","publisher":{"@id":"https:\/\/hijtek.com\/en\/#organization"},"potentialAction":[{"@type":"SearchAction","target":{"@type":"EntryPoint","urlTemplate":"https:\/\/hijtek.com\/en\/?s={search_term_string}"},"query-input":"required name=search_term_string"}],"inLanguage":"tr"},{"@type":"Organization","@id":"https:\/\/hijtek.com\/en\/#organization","name":"Hijtek","url":"https:\/\/hijtek.com\/en\/","logo":{"@type":"ImageObject","inLanguage":"tr","@id":"https:\/\/hijtek.com\/en\/#\/schema\/logo\/image\/","url":"https:\/\/hijtek.com\/en\/wp-content\/uploads\/2023\/03\/cropped-cropped-cropped-SITE-KIMLIGI-ICON-1.png","contentUrl":"https:\/\/hijtek.com\/en\/wp-content\/uploads\/2023\/03\/cropped-cropped-cropped-SITE-KIMLIGI-ICON-1.png","width":35,"height":80,"caption":"Hijtek"},"image":{"@id":"https:\/\/hijtek.com\/en\/#\/schema\/logo\/image\/"}}]}},"_links":{"self":[{"href":"https:\/\/hijtek.com\/en\/wp-json\/wp\/v2\/pages\/831"}],"collection":[{"href":"https:\/\/hijtek.com\/en\/wp-json\/wp\/v2\/pages"}],"about":[{"href":"https:\/\/hijtek.com\/en\/wp-json\/wp\/v2\/types\/page"}],"author":[{"embeddable":true,"href":"https:\/\/hijtek.com\/en\/wp-json\/wp\/v2\/users\/1"}],"replies":[{"embeddable":true,"href":"https:\/\/hijtek.com\/en\/wp-json\/wp\/v2\/comments?post=831"}],"version-history":[{"count":13,"href":"https:\/\/hijtek.com\/en\/wp-json\/wp\/v2\/pages\/831\/revisions"}],"predecessor-version":[{"id":4061,"href":"https:\/\/hijtek.com\/en\/wp-json\/wp\/v2\/pages\/831\/revisions\/4061"}],"wp:attachment":[{"href":"https:\/\/hijtek.com\/en\/wp-json\/wp\/v2\/media?parent=831"}],"curies":[{"name":"wp","href":"https:\/\/api.w.org\/{rel}","templated":true}]}}